{"id":206,"date":"2018-04-11T13:50:48","date_gmt":"2018-04-11T13:50:48","guid":{"rendered":"http:\/\/www.nicdarkthemes.com\/themes\/travel\/wp\/demo\/travel\/?page_id=206"},"modified":"2019-07-18T08:37:55","modified_gmt":"2019-07-18T08:37:55","slug":"quien-somos","status":"publish","type":"page","link":"https:\/\/angloindiago.com\/?page_id=206","title":{"rendered":"QUIENES SOMOS"},"content":{"rendered":"<div class=\"wpb-content-wrapper\"><p>[vc_row][vc_column width=&#8221;1\/2&#8243; css=&#8221;.vc_custom_1467360650255{margin-top: 10px !important;margin-bottom: 10px !important;padding-top: 0px !important;padding-right: 40px !important;}&#8221;]<div style=\"background-color:;height: 10px\" class=\"nicdark_section  \"><\/div>[vc_single_image image=&#8221;2224&#8243; img_size=&#8221;full&#8221;]<div style=\"background-color:;height: 10px\" class=\"nicdark_section  \"><\/div>[\/vc_column][vc_column width=&#8221;1\/2&#8243; css=&#8221;.vc_custom_1467207292391{margin-top: 10px !important;margin-bottom: 10px !important;padding-top: 0px !important;}&#8221;]<div style=\"background-color:;height: 20px\" class=\"nicdark_section  \"><\/div><div style=\"background-color:;height: 20px\" class=\"nicdark_section  \"><\/div><div style=\"background-color:;height: 20px\" class=\"nicdark_section  \"><\/div>[vc_column_text el_class=&#8221;nd_options_text_align_center_responsive&#8221;]En <strong>ANGLO INDIAGO TRAVELS<\/strong> , hacemos del viaje una experiencia inigualable. En ello es primordial poder tener una amplia gama de opciones y atractivos como nosotros los trabajamos. Allanamos el camino \u00a0para dar el mejor servicio y conseguir una experiencia plena. Garantizamos un servicio de atenci\u00f3n y apoyo desde el momento de empezar el viaje .<\/p>\n<p>&nbsp;<\/p>\n<p>Con el esp\u00edritu de las palabras \u00a0en Sanskrit \u201c Atithi Devo Bhavah\u201d, que significan que Dios viene disfrazado de hu\u00e9sped, luchamos cada d\u00eda por la alegr\u00eda del cliente encarg\u00e1ndonos de proporcionar excelencia en hospitalidad y servicios.<\/p>\n<p>&nbsp;<\/p>\n<p>La \u00a0comunicaci\u00f3n de alta tecnolog\u00eda manejada por nuestro equipo experto en viajes ha sido y es \u00a0nuestro mantra para el \u00e9xito. Nuestro equipo habla espa\u00f1ol e ingl\u00e9s as\u00ed como los idiomas principales de Europa.<\/p>\n<p>&nbsp;<\/p>\n<p>En <strong>ANGLO INDIAGO TRAVELS<\/strong> \u00a0ofrecemos los servicios tur\u00edsticos en India, Nepal, Sri Lanka, Maldivas, Bhutan, T\u00edbet, Islas Andaman, Indonesia,Vietnam,Thailandia, Laos, \u00a0Myanmar, Camboya, Dub\u00e1i, Om\u00e1n &amp; Marruecos.<\/p>\n<p>&nbsp;<\/p>\n<p>Nuestro \u00e9xito es el \u00a0resultado de trabajar \u00a0en equipo y para el cliente. Confianza y entusiasmo son la base de nuestro \u00e1nimo d\u00eda a d\u00eda.<\/p>\n<p>&nbsp;<\/p>\n<p><strong>Ven con nosotros, se nuestro hu\u00e9sped .<\/strong>[\/vc_column_text]<div style=\"background-color:;height: 20px\" class=\"nicdark_section  \"><\/div>[\/vc_column][\/vc_row]<\/p>\n<\/div>","protected":false},"excerpt":{"rendered":"<p>[vc_row][vc_column width=&#8221;1\/2&#8243; css=&#8221;.vc_custom_1467360650255{margin-top: 10px !important;margin-bottom: 10px !important;padding-top: 0px !important;padding-right: 40px !important;}&#8221;][vc_single_image image=&#8221;2224&#8243; img_size=&#8221;full&#8221;][\/vc_column][vc_column width=&#8221;1\/2&#8243; css=&#8221;.vc_custom_1467207292391{margin-top: 10px !important;margin-bottom: 10px !important;padding-top: 0px !important;}&#8221;][vc_column_text el_class=&#8221;nd_options_text_align_center_responsive&#8221;]En ANGLO INDIAGO TRAVELS , hacemos del viaje una experiencia inigualable. En ello es primordial poder tener una amplia gama de opciones y atractivos como nosotros los trabajamos. Allanamos el camino \u00a0para dar el [&hellip;]<\/p>\n","protected":false},"author":1,"featured_media":0,"parent":0,"menu_order":0,"comment_status":"closed","ping_status":"closed","template":"","meta":{"footnotes":""},"class_list":["post-206","page","type-page","status-publish","hentry"],"_links":{"self":[{"href":"https:\/\/angloindiago.com\/index.php?rest_route=\/wp\/v2\/pages\/206","targetHints":{"allow":["GET"]}}],"collection":[{"href":"https:\/\/angloindiago.com\/index.php?rest_route=\/wp\/v2\/pages"}],"about":[{"href":"https:\/\/angloindiago.com\/index.php?rest_route=\/wp\/v2\/types\/page"}],"author":[{"embeddable":true,"href":"https:\/\/angloindiago.com\/index.php?rest_route=\/wp\/v2\/users\/1"}],"replies":[{"embeddable":true,"href":"https:\/\/angloindiago.com\/index.php?rest_route=%2Fwp%2Fv2%2Fcomments&post=206"}],"version-history":[{"count":5,"href":"https:\/\/angloindiago.com\/index.php?rest_route=\/wp\/v2\/pages\/206\/revisions"}],"predecessor-version":[{"id":1211,"href":"https:\/\/angloindiago.com\/index.php?rest_route=\/wp\/v2\/pages\/206\/revisions\/1211"}],"wp:attachment":[{"href":"https:\/\/angloindiago.com\/index.php?rest_route=%2Fwp%2Fv2%2Fmedia&parent=206"}],"curies":[{"name":"wp","href":"https:\/\/api.w.org\/{rel}","templated":true}]}}